{"id":4634,"date":"2025-08-16T19:57:04","date_gmt":"2025-08-16T12:57:04","guid":{"rendered":"https:\/\/estudaelectrica.com\/?page_id=4634"},"modified":"2025-08-16T23:01:50","modified_gmt":"2025-08-16T16:01:50","slug":"objetivos-de-aprendizagem","status":"publish","type":"page","link":"https:\/\/estudaelectrica.com\/?page_id=4634","title":{"rendered":"Objetivos de aprendizagem"},"content":{"rendered":"\t\t<div data-elementor-type=\"wp-page\" data-elementor-id=\"4634\" class=\"elementor elementor-4634\">\n\t\t\t\t<div class=\"elementor-element elementor-element-c11eb5a e-flex e-con-boxed e-con e-parent\" data-id=\"c11eb5a\" data-element_type=\"container\">\n\t\t\t\t\t<div class=\"e-con-inner\">\n\t\t<div class=\"elementor-element elementor-element-6920594 e-con-full e-flex e-con e-child\" data-id=\"6920594\" data-element_type=\"container\">\n\t\t\t\t<div class=\"elementor-element elementor-element-094d7cd elementor-widget elementor-widget-image\" data-id=\"094d7cd\" data-element_type=\"widget\" data-widget_type=\"image.default\">\n\t\t\t\t<div class=\"elementor-widget-container\">\n\t\t\t\t\t\t\t\t\t\t\t\t\t\t\t<img fetchpriority=\"high\" decoding=\"async\" width=\"1024\" height=\"683\" src=\"https:\/\/estudaelectrica.com\/wp-content\/uploads\/2025\/08\/19197908-1024x683.jpg\" class=\"attachment-large size-large wp-image-4639\" alt=\"\" srcset=\"https:\/\/estudaelectrica.com\/wp-content\/uploads\/2025\/08\/19197908-1024x683.jpg 1024w, https:\/\/estudaelectrica.com\/wp-content\/uploads\/2025\/08\/19197908-300x200.jpg 300w, https:\/\/estudaelectrica.com\/wp-content\/uploads\/2025\/08\/19197908-768x512.jpg 768w, https:\/\/estudaelectrica.com\/wp-content\/uploads\/2025\/08\/19197908-1536x1024.jpg 1536w, https:\/\/estudaelectrica.com\/wp-content\/uploads\/2025\/08\/19197908-2048x1365.jpg 2048w\" sizes=\"(max-width: 1024px) 100vw, 1024px\" \/>\t\t\t\t\t\t\t\t\t\t\t\t\t\t\t<\/div>\n\t\t\t\t<\/div>\n\t\t\t\t<\/div>\n\t\t<div class=\"elementor-element elementor-element-fefa14a e-con-full e-flex e-con e-child\" data-id=\"fefa14a\" data-element_type=\"container\">\n\t\t<div class=\"elementor-element elementor-element-9d5023d e-con-full e-flex e-con e-child\" data-id=\"9d5023d\" data-element_type=\"container\">\n\t\t\t\t<div class=\"elementor-element elementor-element-7913fb5 elementor-widget elementor-widget-heading\" data-id=\"7913fb5\" data-element_type=\"widget\" data-widget_type=\"heading.default\">\n\t\t\t\t<div class=\"elementor-widget-container\">\n\t\t\t\t\t<h4 class=\"elementor-heading-title elementor-size-default\">1. Komprende Konseitu B\u00e1ziku sira kona-ba Sistema Kontrolu no Automatizasaun<\/h4>\t\t\t\t<\/div>\n\t\t\t\t<\/div>\n\t\t<div class=\"elementor-element elementor-element-775c346 e-con-full e-flex e-con e-child\" data-id=\"775c346\" data-element_type=\"container\">\n\t\t\t\t<div class=\"elementor-element elementor-element-714bdf3 elementor-widget elementor-widget-text-editor\" data-id=\"714bdf3\" data-element_type=\"widget\" data-widget_type=\"text-editor.default\">\n\t\t\t\t<div class=\"elementor-widget-container\">\n\t\t\t\t\t\t\t\t\t<h6>Estudante sira bele esplika definisaun, \u00e1mbitu, ist\u00f3ria dezenvolvimentu nian, no benef\u00edsiu sira hosi sistema kontrolu no automatizasaun iha moris loroloron no ind\u00fastria.<\/h6>\t\t\t\t\t\t\t\t<\/div>\n\t\t\t\t<\/div>\n\t\t\t\t<div class=\"elementor-element elementor-element-3ec452f elementor-widget elementor-widget-heading\" data-id=\"3ec452f\" data-element_type=\"widget\" data-widget_type=\"heading.default\">\n\t\t\t\t<div class=\"elementor-widget-container\">\n\t\t\t\t\t<h4 class=\"elementor-heading-title elementor-size-default\">2. Domina Komponente no Sensor Eletr\u00f3niku B\u00e1ziku sira<\/h4>\t\t\t\t<\/div>\n\t\t\t\t<\/div>\n\t\t\t\t<div class=\"elementor-element elementor-element-2f73048 elementor-widget elementor-widget-text-editor\" data-id=\"2f73048\" data-element_type=\"widget\" data-widget_type=\"text-editor.default\">\n\t\t\t\t<div class=\"elementor-widget-container\">\n\t\t\t\t\t\t\t\t\t<h6>Estudante sira bele identifika, esplika funsaun, no uza komponente eletr\u00f3niku sira (ativu, pasivu, eletromek\u00e1niku), sensor sira, no atuad\u00f3r sira ne&#8217;eb\u00e9 suporta sistema kontrolu sira.<\/h6>\t\t\t\t\t\t\t\t<\/div>\n\t\t\t\t<\/div>\n\t\t\t\t<\/div>\n\t\t\t\t<\/div>\n\t\t\t\t<\/div>\n\t\t\t\t\t<\/div>\n\t\t\t\t<\/div>\n\t\t<div class=\"elementor-element elementor-element-c7139d9 e-flex e-con-boxed e-con e-parent\" data-id=\"c7139d9\" data-element_type=\"container\">\n\t\t\t\t\t<div class=\"e-con-inner\">\n\t\t<div class=\"elementor-element elementor-element-45aaa62 e-con-full e-flex e-con e-child\" data-id=\"45aaa62\" data-element_type=\"container\">\n\t\t\t\t<div class=\"elementor-element elementor-element-b995d04 elementor-widget elementor-widget-heading\" data-id=\"b995d04\" data-element_type=\"widget\" data-widget_type=\"heading.default\">\n\t\t\t\t<div class=\"elementor-widget-container\">\n\t\t\t\t\t<h4 class=\"elementor-heading-title elementor-size-default\">3. Implementasaun Mikrokontrolad\u00f3r sira iha Sistema Kontrolu sira<\/h4>\t\t\t\t<\/div>\n\t\t\t\t<\/div>\n\t\t\t\t<div class=\"elementor-element elementor-element-05322e6 elementor-widget elementor-widget-text-editor\" data-id=\"05322e6\" data-element_type=\"widget\" data-widget_type=\"text-editor.default\">\n\t\t\t\t<div class=\"elementor-widget-container\">\n\t\t\t\t\t\t\t\t\t<h6>Siswa mampu memahami arsitektur mikrokontroler (ATmega8\/Arduino Uno), memprogram input-output digital dan analog, serta menghubungkan dengan sensor dan aktuator.<\/h6>\t\t\t\t\t\t\t\t<\/div>\n\t\t\t\t<\/div>\n\t\t\t\t<div class=\"elementor-element elementor-element-1ed6fb9 elementor-widget elementor-widget-heading\" data-id=\"1ed6fb9\" data-element_type=\"widget\" data-widget_type=\"heading.default\">\n\t\t\t\t<div class=\"elementor-widget-container\">\n\t\t\t\t\t<h4 class=\"elementor-heading-title elementor-size-default\">4. Dezenvolve Abilidade Programasaun <\/h4>\t\t\t\t<\/div>\n\t\t\t\t<\/div>\n\t\t\t\t<div class=\"elementor-element elementor-element-cc4afff elementor-widget elementor-widget-text-editor\" data-id=\"cc4afff\" data-element_type=\"widget\" data-widget_type=\"text-editor.default\">\n\t\t\t\t<div class=\"elementor-widget-container\">\n\t\t\t\t\t\t\t\t\t<h6>Estudante sira bele hakerek, koko, no avalia programa simples to&#8217;o interm\u00e9diu sira uza Arduino IDE ba sistema kontrolu open-loop no closed-loop.<\/h6>\t\t\t\t\t\t\t\t<\/div>\n\t\t\t\t<\/div>\n\t\t\t\t<div class=\"elementor-element elementor-element-c0601b8 elementor-widget elementor-widget-heading\" data-id=\"c0601b8\" data-element_type=\"widget\" data-widget_type=\"heading.default\">\n\t\t\t\t<div class=\"elementor-widget-container\">\n\t\t\t\t\t<h4 class=\"elementor-heading-title elementor-size-default\">5. Domina T\u00e9kniku Komunikasaun Dadus <\/h4>\t\t\t\t<\/div>\n\t\t\t\t<\/div>\n\t\t\t\t<div class=\"elementor-element elementor-element-670e9d7 elementor-widget elementor-widget-text-editor\" data-id=\"670e9d7\" data-element_type=\"widget\" data-widget_type=\"text-editor.default\">\n\t\t\t\t<div class=\"elementor-widget-container\">\n\t\t\t\t\t\t\t\t\t<h6>Estudante sira bele komprende no uza protokolu komunikasaun sira (UART, I2C, SPI) ba integrasaun sensor sira, m\u00f3dulu sira, no dispozitivu esternu sira iha sistema automasaun sira.<\/h6>\t\t\t\t\t\t\t\t<\/div>\n\t\t\t\t<\/div>\n\t\t\t\t<\/div>\n\t\t<div class=\"elementor-element elementor-element-06dd010 e-con-full e-flex e-con e-child\" data-id=\"06dd010\" data-element_type=\"container\">\n\t\t\t\t<div class=\"elementor-element elementor-element-311aaba elementor-widget elementor-widget-image\" data-id=\"311aaba\" data-element_type=\"widget\" data-widget_type=\"image.default\">\n\t\t\t\t<div class=\"elementor-widget-container\">\n\t\t\t\t\t\t\t\t\t\t\t\t\t\t\t<img decoding=\"async\" width=\"1024\" height=\"1024\" src=\"https:\/\/estudaelectrica.com\/wp-content\/uploads\/2025\/08\/20943965-1024x1024.jpg\" class=\"attachment-large size-large wp-image-4644\" alt=\"\" srcset=\"https:\/\/estudaelectrica.com\/wp-content\/uploads\/2025\/08\/20943965-1024x1024.jpg 1024w, https:\/\/estudaelectrica.com\/wp-content\/uploads\/2025\/08\/20943965-300x300.jpg 300w, https:\/\/estudaelectrica.com\/wp-content\/uploads\/2025\/08\/20943965-150x150.jpg 150w, https:\/\/estudaelectrica.com\/wp-content\/uploads\/2025\/08\/20943965-768x768.jpg 768w, https:\/\/estudaelectrica.com\/wp-content\/uploads\/2025\/08\/20943965-1536x1536.jpg 1536w, https:\/\/estudaelectrica.com\/wp-content\/uploads\/2025\/08\/20943965-2048x2048.jpg 2048w\" sizes=\"(max-width: 1024px) 100vw, 1024px\" \/>\t\t\t\t\t\t\t\t\t\t\t\t\t\t\t<\/div>\n\t\t\t\t<\/div>\n\t\t\t\t<\/div>\n\t\t\t\t\t<\/div>\n\t\t\t\t<\/div>\n\t\t<div class=\"elementor-element elementor-element-2dfbe4a e-flex e-con-boxed e-con e-parent\" data-id=\"2dfbe4a\" data-element_type=\"container\">\n\t\t\t\t\t<div class=\"e-con-inner\">\n\t\t<div class=\"elementor-element elementor-element-2cd9f1c e-con-full e-flex e-con e-child\" data-id=\"2cd9f1c\" data-element_type=\"container\">\n\t\t\t\t<div class=\"elementor-element elementor-element-0c8e01b elementor-widget elementor-widget-image\" data-id=\"0c8e01b\" data-element_type=\"widget\" data-widget_type=\"image.default\">\n\t\t\t\t<div class=\"elementor-widget-container\">\n\t\t\t\t\t\t\t\t\t\t\t\t\t\t\t<img decoding=\"async\" width=\"1024\" height=\"1024\" src=\"https:\/\/estudaelectrica.com\/wp-content\/uploads\/2025\/08\/20943993-1024x1024.jpg\" class=\"attachment-large size-large wp-image-4649\" alt=\"\" srcset=\"https:\/\/estudaelectrica.com\/wp-content\/uploads\/2025\/08\/20943993-1024x1024.jpg 1024w, https:\/\/estudaelectrica.com\/wp-content\/uploads\/2025\/08\/20943993-300x300.jpg 300w, https:\/\/estudaelectrica.com\/wp-content\/uploads\/2025\/08\/20943993-150x150.jpg 150w, https:\/\/estudaelectrica.com\/wp-content\/uploads\/2025\/08\/20943993-768x768.jpg 768w, https:\/\/estudaelectrica.com\/wp-content\/uploads\/2025\/08\/20943993-1536x1536.jpg 1536w, https:\/\/estudaelectrica.com\/wp-content\/uploads\/2025\/08\/20943993-2048x2048.jpg 2048w\" sizes=\"(max-width: 1024px) 100vw, 1024px\" \/>\t\t\t\t\t\t\t\t\t\t\t\t\t\t\t<\/div>\n\t\t\t\t<\/div>\n\t\t\t\t<\/div>\n\t\t<div class=\"elementor-element elementor-element-8d88e31 e-con-full e-flex e-con e-child\" data-id=\"8d88e31\" data-element_type=\"container\">\n\t\t\t\t<div class=\"elementor-element elementor-element-55ffa29 elementor-widget elementor-widget-heading\" data-id=\"55ffa29\" data-element_type=\"widget\" data-widget_type=\"heading.default\">\n\t\t\t\t<div class=\"elementor-widget-container\">\n\t\t\t\t\t<h4 class=\"elementor-heading-title elementor-size-default\">6. naliza no Rezolve Problema sira ho Pensamentu Kr\u00edtiku<\/h4>\t\t\t\t<\/div>\n\t\t\t\t<\/div>\n\t\t\t\t<div class=\"elementor-element elementor-element-82adb1e elementor-widget elementor-widget-text-editor\" data-id=\"82adb1e\" data-element_type=\"widget\" data-widget_type=\"text-editor.default\">\n\t\t\t\t<div class=\"elementor-widget-container\">\n\t\t\t\t\t\t\t\t\t<h6>Estudante sira bele analiza kazu sira, avalia dezempe\u00f1u sistema kontrolu nian, no propoin solusaun kriativu sira uza aprosimasaun sira bazeia ba dadus no simulasaun.<\/h6>\t\t\t\t\t\t\t\t<\/div>\n\t\t\t\t<\/div>\n\t\t\t\t<div class=\"elementor-element elementor-element-0fc620f elementor-widget elementor-widget-heading\" data-id=\"0fc620f\" data-element_type=\"widget\" data-widget_type=\"heading.default\">\n\t\t\t\t<div class=\"elementor-widget-container\">\n\t\t\t\t\t<h4 class=\"elementor-heading-title elementor-size-default\">7. Integra Teoria ho Projetu Pr\u00e1tiku sira<\/h4>\t\t\t\t<\/div>\n\t\t\t\t<\/div>\n\t\t\t\t<div class=\"elementor-element elementor-element-a1bcb37 elementor-widget elementor-widget-text-editor\" data-id=\"a1bcb37\" data-element_type=\"widget\" data-widget_type=\"text-editor.default\">\n\t\t\t\t<div class=\"elementor-widget-container\">\n\t\t\t\t\t\t\t\t\t<h6>Estudante sira bele deze\u00f1a, harii, no koko projetu simples sira bazeia ba mikrokontrolad\u00f3r (ezemplu: kontrolu naroman autom\u00e1tiku, kontrolu temperatura, kontrolu motor) liuhosi orientasaun iha LMS.<\/h6>\t\t\t\t\t\t\t\t<\/div>\n\t\t\t\t<\/div>\n\t\t\t\t<div class=\"elementor-element elementor-element-5d43a3a elementor-widget elementor-widget-heading\" data-id=\"5d43a3a\" data-element_type=\"widget\" data-widget_type=\"heading.default\">\n\t\t\t\t<div class=\"elementor-widget-container\">\n\t\t\t\t\t<h4 class=\"elementor-heading-title elementor-size-default\">8. Hasa'e Independ\u00e9nsia no Kolaborasaun Aprendizajen <\/h4>\t\t\t\t<\/div>\n\t\t\t\t<\/div>\n\t\t\t\t<div class=\"elementor-element elementor-element-a3f755e elementor-widget elementor-widget-text-editor\" data-id=\"a3f755e\" data-element_type=\"widget\" data-widget_type=\"text-editor.default\">\n\t\t\t\t<div class=\"elementor-widget-container\">\n\t\t\t\t\t\t\t\t\t<h6>Estudante sira toman ona ho aprendizajen independente ho materi\u00e1l dijit\u00e1l sira iha LMS, no m\u00f3s kolabora ativamente liuhosi f\u00f3rum diskusaun, kuiz, knaar sira, no projetu grupu nian.<\/h6>\t\t\t\t\t\t\t\t<\/div>\n\t\t\t\t<\/div>\n\t\t\t\t<\/div>\n\t\t\t\t\t<\/div>\n\t\t\t\t<\/div>\n\t\t\t\t<\/div>\n\t\t","protected":false},"excerpt":{"rendered":"<p>1. Komprende Konseitu B\u00e1ziku sira kona-ba Sistema Kontrolu no Automatizasaun Estudante sira bele esplika definisaun, \u00e1mbitu, ist\u00f3ria dezenvolvimentu nian, no<\/p>\n","protected":false},"author":1,"featured_media":0,"parent":0,"menu_order":0,"comment_status":"closed","ping_status":"closed","template":"","meta":{"_tutorstarter_page_metadata":[],"footnotes":""},"class_list":["post-4634","page","type-page","status-publish","hentry"],"_links":{"self":[{"href":"https:\/\/estudaelectrica.com\/index.php?rest_route=\/wp\/v2\/pages\/4634","targetHints":{"allow":["GET"]}}],"collection":[{"href":"https:\/\/estudaelectrica.com\/index.php?rest_route=\/wp\/v2\/pages"}],"about":[{"href":"https:\/\/estudaelectrica.com\/index.php?rest_route=\/wp\/v2\/types\/page"}],"author":[{"embeddable":true,"href":"https:\/\/estudaelectrica.com\/index.php?rest_route=\/wp\/v2\/users\/1"}],"replies":[{"embeddable":true,"href":"https:\/\/estudaelectrica.com\/index.php?rest_route=%2Fwp%2Fv2%2Fcomments&post=4634"}],"version-history":[{"count":10,"href":"https:\/\/estudaelectrica.com\/index.php?rest_route=\/wp\/v2\/pages\/4634\/revisions"}],"predecessor-version":[{"id":4652,"href":"https:\/\/estudaelectrica.com\/index.php?rest_route=\/wp\/v2\/pages\/4634\/revisions\/4652"}],"wp:attachment":[{"href":"https:\/\/estudaelectrica.com\/index.php?rest_route=%2Fwp%2Fv2%2Fmedia&parent=4634"}],"curies":[{"name":"wp","href":"https:\/\/api.w.org\/{rel}","templated":true}]}}