{"id":3707,"date":"2025-04-23T18:35:59","date_gmt":"2025-04-23T18:35:59","guid":{"rendered":"https:\/\/preview.tutorlms.com\/marketplace\/?page_id=3707"},"modified":"2025-12-26T07:47:47","modified_gmt":"2025-12-26T00:47:47","slug":"home","status":"publish","type":"page","link":"https:\/\/estudaelectrica.com\/","title":{"rendered":"Home"},"content":{"rendered":"\t\t<div data-elementor-type=\"wp-page\" data-elementor-id=\"3707\" class=\"elementor elementor-3707\">\n\t\t\t\t<div class=\"elementor-element elementor-element-d45fe6d e-flex e-con-boxed e-con e-parent\" data-id=\"d45fe6d\" data-element_type=\"container\" id=\"xs_cta_style_2\" data-settings=\"{&quot;background_background&quot;:&quot;classic&quot;}\">\n\t\t\t\t\t<div class=\"e-con-inner\">\n\t\t<div class=\"elementor-element elementor-element-7e2fd7db e-con-full e-flex e-con e-child\" data-id=\"7e2fd7db\" data-element_type=\"container\">\n\t\t\t\t<div class=\"elementor-element elementor-element-2ac7bc9 elementor-widget elementor-widget-heading\" data-id=\"2ac7bc9\" data-element_type=\"widget\" data-widget_type=\"heading.default\">\n\t\t\t\t<div class=\"elementor-widget-container\">\n\t\t\t\t\t<h4 class=\"elementor-heading-title elementor-size-default\">CANSAR DE APRENDER \u00c9 MELHOR DO QUE CANSAR DE SE ARREPENDER<\/h4>\t\t\t\t<\/div>\n\t\t\t\t<\/div>\n\t\t\t\t<div class=\"elementor-element elementor-element-7bcac43 elementor-widget elementor-widget-heading\" data-id=\"7bcac43\" data-element_type=\"widget\" data-widget_type=\"heading.default\">\n\t\t\t\t<div class=\"elementor-widget-container\">\n\t\t\t\t\t<h2 class=\"elementor-heading-title elementor-size-default\">Tecnologia da Informa\u00e7\u00e3o e Eletr\u00f3nica<\/h2>\t\t\t\t<\/div>\n\t\t\t\t<\/div>\n\t\t\t\t<div class=\"elementor-element elementor-element-3df1996 elementor-widget elementor-widget-text-editor\" data-id=\"3df1996\" data-element_type=\"widget\" data-widget_type=\"text-editor.default\">\n\t\t\t\t<div class=\"elementor-widget-container\">\n\t\t\t\t\t\t\t\t\t<h5>Uza teknolojia atu jere, prosesa, rai, no transmite informasaun<\/h5>\t\t\t\t\t\t\t\t<\/div>\n\t\t\t\t<\/div>\n\t\t<div class=\"elementor-element elementor-element-17584df e-con-full e-flex e-con e-child\" data-id=\"17584df\" data-element_type=\"container\">\n\t\t<div class=\"elementor-element elementor-element-8bc2a53 e-grid e-con-full e-con e-child\" data-id=\"8bc2a53\" data-element_type=\"container\">\n\t\t\t\t<div class=\"elementor-element elementor-element-dad6cbb elementor-align-left elementor-widget__width-auto elementor-widget elementor-widget-button\" data-id=\"dad6cbb\" data-element_type=\"widget\" data-widget_type=\"button.default\">\n\t\t\t\t<div class=\"elementor-widget-container\">\n\t\t\t\t\t\t\t\t\t<div class=\"elementor-button-wrapper\">\n\t\t\t\t\t<a class=\"elementor-button elementor-button-link elementor-size-sm\" href=\"https:\/\/estudaelectrica.com\/?page_id=3231\">\n\t\t\t\t\t\t<span class=\"elementor-button-content-wrapper\">\n\t\t\t\t\t\t\t\t\t<span class=\"elementor-button-text\">Start Learning<\/span>\n\t\t\t\t\t<\/span>\n\t\t\t\t\t<\/a>\n\t\t\t\t<\/div>\n\t\t\t\t\t\t\t\t<\/div>\n\t\t\t\t<\/div>\n\t\t\t\t<div class=\"elementor-element elementor-element-71289f4 elementor-align-left elementor-widget__width-auto elementor-widget elementor-widget-button\" data-id=\"71289f4\" data-element_type=\"widget\" data-widget_type=\"button.default\">\n\t\t\t\t<div class=\"elementor-widget-container\">\n\t\t\t\t\t\t\t\t\t<div class=\"elementor-button-wrapper\">\n\t\t\t\t\t<a class=\"elementor-button elementor-button-link elementor-size-sm\" href=\"https:\/\/estudaelectrica.com\/?page_id=4386\">\n\t\t\t\t\t\t<span class=\"elementor-button-content-wrapper\">\n\t\t\t\t\t\t\t\t\t<span class=\"elementor-button-text\">Instruction<\/span>\n\t\t\t\t\t<\/span>\n\t\t\t\t\t<\/a>\n\t\t\t\t<\/div>\n\t\t\t\t\t\t\t\t<\/div>\n\t\t\t\t<\/div>\n\t\t\t\t<\/div>\n\t\t\t\t<\/div>\n\t\t\t\t<\/div>\n\t\t<div class=\"elementor-element elementor-element-820ad97 e-con-full e-flex e-con e-child\" data-id=\"820ad97\" data-element_type=\"container\">\n\t\t\t\t<div class=\"elementor-element elementor-element-1214723 elementor-widget elementor-widget-image\" data-id=\"1214723\" data-element_type=\"widget\" data-widget_type=\"image.default\">\n\t\t\t\t<div class=\"elementor-widget-container\">\n\t\t\t\t\t\t\t\t\t\t\t\t\t\t\t<img decoding=\"async\" src=\"https:\/\/estudaelectrica.com\/wp-content\/uploads\/elementor\/thumbs\/fg-r9zaudt9f51l9wf2ssy6fred0cw7kfmsfcmom8yuxc.png\" title=\"fg\" alt=\"fg\" loading=\"lazy\" \/>\t\t\t\t\t\t\t\t\t\t\t\t\t\t\t<\/div>\n\t\t\t\t<\/div>\n\t\t\t\t<\/div>\n\t\t\t\t\t<\/div>\n\t\t\t\t<\/div>\n\t\t<div class=\"elementor-element elementor-element-c2dfad8 e-flex e-con-boxed e-con e-parent\" data-id=\"c2dfad8\" data-element_type=\"container\">\n\t\t\t\t\t<div class=\"e-con-inner\">\n\t\t<div class=\"elementor-element elementor-element-c90c5bc e-con-full e-flex e-con e-child\" data-id=\"c90c5bc\" data-element_type=\"container\">\n\t\t\t\t<div class=\"elementor-element elementor-element-7d15eae elementor-widget elementor-widget-heading\" data-id=\"7d15eae\" data-element_type=\"widget\" data-widget_type=\"heading.default\">\n\t\t\t\t<div class=\"elementor-widget-container\">\n\t\t\t\t\t<h2 class=\"elementor-heading-title elementor-size-default\">Instrutor<\/h2>\t\t\t\t<\/div>\n\t\t\t\t<\/div>\n\t\t\t\t<\/div>\n\t\t\t\t\t<\/div>\n\t\t\t\t<\/div>\n\t\t<div class=\"elementor-element elementor-element-6bb1fa8 e-flex e-con-boxed e-con e-parent\" data-id=\"6bb1fa8\" data-element_type=\"container\">\n\t\t\t\t\t<div class=\"e-con-inner\">\n\t\t<div class=\"elementor-element elementor-element-971b0f9 e-con-full e-flex e-con e-child\" data-id=\"971b0f9\" data-element_type=\"container\">\n\t\t\t\t<div class=\"elementor-element elementor-element-809c392 elementor-widget elementor-widget-image\" data-id=\"809c392\" data-element_type=\"widget\" data-widget_type=\"image.default\">\n\t\t\t\t<div class=\"elementor-widget-container\">\n\t\t\t\t\t\t\t\t\t\t\t\t\t\t\t<img fetchpriority=\"high\" decoding=\"async\" width=\"197\" height=\"300\" src=\"https:\/\/estudaelectrica.com\/wp-content\/uploads\/2025\/08\/Foto-Nandi-197x300.jpg\" class=\"attachment-medium size-medium wp-image-4715\" alt=\"\" srcset=\"https:\/\/estudaelectrica.com\/wp-content\/uploads\/2025\/08\/Foto-Nandi-197x300.jpg 197w, https:\/\/estudaelectrica.com\/wp-content\/uploads\/2025\/08\/Foto-Nandi.jpg 439w\" sizes=\"(max-width: 197px) 100vw, 197px\" \/>\t\t\t\t\t\t\t\t\t\t\t\t\t\t\t<\/div>\n\t\t\t\t<\/div>\n\t\t\t\t<\/div>\n\t\t<div class=\"elementor-element elementor-element-e9fd4e2 e-con-full e-flex e-con e-child\" data-id=\"e9fd4e2\" data-element_type=\"container\">\n\t\t<div class=\"elementor-element elementor-element-51572cc e-con-full e-flex e-con e-child\" data-id=\"51572cc\" data-element_type=\"container\">\n\t\t\t\t<div class=\"elementor-element elementor-element-7a52316 elementor-widget elementor-widget-heading\" data-id=\"7a52316\" data-element_type=\"widget\" data-widget_type=\"heading.default\">\n\t\t\t\t<div class=\"elementor-widget-container\">\n\t\t\t\t\t<h2 class=\"elementor-heading-title elementor-size-default\">Profile<\/h2>\t\t\t\t<\/div>\n\t\t\t\t<\/div>\n\t\t\t\t<\/div>\n\t\t<div class=\"elementor-element elementor-element-00a912f e-con-full e-flex e-con e-child\" data-id=\"00a912f\" data-element_type=\"container\">\n\t\t\t\t<div class=\"elementor-element elementor-element-2cf98b6 elementor-widget elementor-widget-text-editor\" data-id=\"2cf98b6\" data-element_type=\"widget\" data-widget_type=\"text-editor.default\">\n\t\t\t\t<div class=\"elementor-widget-container\">\n\t\t\t\t\t\t\t\t\t<h5>Nome&nbsp; &nbsp; &nbsp; &nbsp; &nbsp; &nbsp; &nbsp; &nbsp; &nbsp; &nbsp; &nbsp; &nbsp; &nbsp; &nbsp; &nbsp; : Nandito Fernandes Hornay<\/h5>\n<h5>\u00faltima educa\u00e7\u00e3o&nbsp; &nbsp; &nbsp; &nbsp; &nbsp; &nbsp;:&nbsp;Licenciado E. Eletrot\u00e9cnica<br>Educa\u00e7\u00e3o continuada&nbsp; :&nbsp;Mestrado&nbsp;Educa\u00e7\u00e3o tecnologia<\/h5>\n<h5>No. Telfone&nbsp; &nbsp; &nbsp; &nbsp; &nbsp; &nbsp; &nbsp; &nbsp; &nbsp; &nbsp; : +6282329498651<\/h5>\n<h5>Email&nbsp; &nbsp; &nbsp; &nbsp; &nbsp; &nbsp; &nbsp; &nbsp; &nbsp; &nbsp; &nbsp; &nbsp; &nbsp; &nbsp; &nbsp; &nbsp;: nanditofernandes01@gmail.com<\/h5>\t\t\t\t\t\t\t\t<\/div>\n\t\t\t\t<\/div>\n\t\t\t\t<\/div>\n\t\t\t\t<\/div>\n\t\t\t\t\t<\/div>\n\t\t\t\t<\/div>\n\t\t<div class=\"elementor-element elementor-element-e061381 e-flex e-con-boxed e-con e-parent\" data-id=\"e061381\" data-element_type=\"container\">\n\t\t\t\t\t<div class=\"e-con-inner\">\n\t\t<div class=\"elementor-element elementor-element-1d12387 e-con-full e-flex e-con e-child\" data-id=\"1d12387\" data-element_type=\"container\">\n\t\t\t\t<div class=\"elementor-element elementor-element-eeac1d1 elementor-widget elementor-widget-heading\" data-id=\"eeac1d1\" data-element_type=\"widget\" data-widget_type=\"heading.default\">\n\t\t\t\t<div class=\"elementor-widget-container\">\n\t\t\t\t\t<h2 class=\"elementor-heading-title elementor-size-default\">Superioridade LMS<\/h2>\t\t\t\t<\/div>\n\t\t\t\t<\/div>\n\t\t\t\t<\/div>\n\t\t<div class=\"elementor-element elementor-element-a2b8f6b e-con-full e-flex e-con e-child\" data-id=\"a2b8f6b\" data-element_type=\"container\">\n\t\t\t\t<\/div>\n\t\t\t\t\t<\/div>\n\t\t\t\t<\/div>\n\t\t<div class=\"elementor-element elementor-element-6c59601 e-flex e-con-boxed e-con e-parent\" data-id=\"6c59601\" data-element_type=\"container\">\n\t\t\t\t\t<div class=\"e-con-inner\">\n\t\t<div class=\"elementor-element elementor-element-cb905d3 e-con-full e-flex e-con e-child\" data-id=\"cb905d3\" data-element_type=\"container\">\n\t\t\t\t<div class=\"elementor-element elementor-element-ef9fa81 elementor-widget elementor-widget-heading\" data-id=\"ef9fa81\" data-element_type=\"widget\" data-widget_type=\"heading.default\">\n\t\t\t\t<div class=\"elementor-widget-container\">\n\t\t\t\t\t<h2 class=\"elementor-heading-title elementor-size-default\"><font face=\"Rancho, sans-serif\"><b>Asesu<\/b><\/font><\/h2>\t\t\t\t<\/div>\n\t\t\t\t<\/div>\n\t\t\t\t<div class=\"elementor-element elementor-element-1be03c7 elementor-widget elementor-widget-text-editor\" data-id=\"1be03c7\" data-element_type=\"widget\" data-widget_type=\"text-editor.default\">\n\t\t\t\t<div class=\"elementor-widget-container\">\n\t\t\t\t\t\t\t\t\t<p>LMS permite estudante sira atu asesu ba materi\u00e1l aprendizajen sira iha tempu no iha ne&#8217;eb\u00e9 de&#8217;it enkuantu sira iha ligasaun ba internet.<\/p>\t\t\t\t\t\t\t\t<\/div>\n\t\t\t\t<\/div>\n\t\t\t\t<\/div>\n\t\t<div class=\"elementor-element elementor-element-445763c e-con-full e-flex e-con e-child\" data-id=\"445763c\" data-element_type=\"container\">\n\t\t\t\t<div class=\"elementor-element elementor-element-41be684 elementor-widget elementor-widget-heading\" data-id=\"41be684\" data-element_type=\"widget\" data-widget_type=\"heading.default\">\n\t\t\t\t<div class=\"elementor-widget-container\">\n\t\t\t\t\t<h2 class=\"elementor-heading-title elementor-size-default\"><font color=\"#132c4f\"><span>Gar\u00e1jen<\/span><\/font><\/h2>\t\t\t\t<\/div>\n\t\t\t\t<\/div>\n\t\t\t\t<div class=\"elementor-element elementor-element-0d9e0fb elementor-widget elementor-widget-text-editor\" data-id=\"0d9e0fb\" data-element_type=\"widget\" data-widget_type=\"text-editor.default\">\n\t\t\t\t<div class=\"elementor-widget-container\">\n\t\t\t\t\t\t\t\t\t<p>Materi\u00e1l ensinu hotu-hotu, knaar sira, kuiz sira, no seluk tan rai iha plataforma ida de&#8217;it, hodi halo fasil liu ba profes\u00f3r sira atu organiza no atualiza materi\u00e1l sira lah\u00f3 nesesidade ba m\u00eddia ketak.<\/p>\t\t\t\t\t\t\t\t<\/div>\n\t\t\t\t<\/div>\n\t\t\t\t<\/div>\n\t\t<div class=\"elementor-element elementor-element-5ef86fa e-con-full e-flex e-con e-child\" data-id=\"5ef86fa\" data-element_type=\"container\">\n\t\t\t\t<div class=\"elementor-element elementor-element-85e127d elementor-widget elementor-widget-heading\" data-id=\"85e127d\" data-element_type=\"widget\" data-widget_type=\"heading.default\">\n\t\t\t\t<div class=\"elementor-widget-container\">\n\t\t\t\t\t<h2 class=\"elementor-heading-title elementor-size-default\"><font face=\"Rancho, sans-serif\"><b>Monitorizasaun<\/b><\/font><\/h2>\t\t\t\t<\/div>\n\t\t\t\t<\/div>\n\t\t\t\t<div class=\"elementor-element elementor-element-a4f191f elementor-widget elementor-widget-text-editor\" data-id=\"a4f191f\" data-element_type=\"widget\" data-widget_type=\"text-editor.default\">\n\t\t\t\t<div class=\"elementor-widget-container\">\n\t\t\t\t\t\t\t\t\t<p>Profes\u00f3r sira bele monitoriza progresu aprendizajen estudante nian liuhosi relat\u00f3riu sira val\u00f3r no atividade nian iha tempu-re\u00e1l. Ida-ne&#8217;e fasilita avaliasaun no akompa\u00f1amentu ba aprendizajen.<\/p>\t\t\t\t\t\t\t\t<\/div>\n\t\t\t\t<\/div>\n\t\t\t\t<\/div>\n\t\t<div class=\"elementor-element elementor-element-10181e1 e-con-full e-flex e-con e-child\" data-id=\"10181e1\" data-element_type=\"container\">\n\t\t\t\t<div class=\"elementor-element elementor-element-16766a5 elementor-widget elementor-widget-heading\" data-id=\"16766a5\" data-element_type=\"widget\" data-widget_type=\"heading.default\">\n\t\t\t\t<div class=\"elementor-widget-container\">\n\t\t\t\t\t<h2 class=\"elementor-heading-title elementor-size-default\"><font color=\"#132c4f\"><span>Efisi\u00e9nsia tempu<\/span><\/font><\/h2>\t\t\t\t<\/div>\n\t\t\t\t<\/div>\n\t\t\t\t<div class=\"elementor-element elementor-element-9b866b9 elementor-widget elementor-widget-text-editor\" data-id=\"9b866b9\" data-element_type=\"widget\" data-widget_type=\"text-editor.default\">\n\t\t\t\t<div class=\"elementor-widget-container\">\n\t\t\t\t\t\t\t\t\t<p>La presiza atu imprime materi\u00e1l sira ka prezente f\u00edziku iha lisaun ida-idak, nune&#8217;e poupa kustu no tempu ba estudante sira no eskola sira.<\/p>\t\t\t\t\t\t\t\t<\/div>\n\t\t\t\t<\/div>\n\t\t\t\t<\/div>\n\t\t\t\t\t<\/div>\n\t\t\t\t<\/div>\n\t\t<div class=\"elementor-element elementor-element-345c367 e-flex e-con-boxed e-con e-parent\" data-id=\"345c367\" data-element_type=\"container\">\n\t\t\t\t\t<div class=\"e-con-inner\">\n\t\t\t\t<div class=\"elementor-element elementor-element-2a7abe5 elementor-widget__width-initial elementor-widget elementor-widget-heading\" data-id=\"2a7abe5\" data-element_type=\"widget\" data-widget_type=\"heading.default\">\n\t\t\t\t<div class=\"elementor-widget-container\">\n\t\t\t\t\t<h3 class=\"elementor-heading-title elementor-size-default\">Latest News of LMS<\/h3>\t\t\t\t<\/div>\n\t\t\t\t<\/div>\n\t\t\t\t<div class=\"elementor-element elementor-element-9168f88 elementor-widget__width-initial elementor-widget elementor-widget-text-editor\" data-id=\"9168f88\" data-element_type=\"widget\" data-widget_type=\"text-editor.default\">\n\t\t\t\t<div class=\"elementor-widget-container\">\n\t\t\t\t\t\t\t\t\t<div class=\"wp-block-qubely-text qubely-block-8641ff\"><p>\u00a0<\/p><div class=\"qubely-block-text \"><p>&#8220;Aprende sistema kontrolu no automasaun la&#8217;\u00f3s de&#8217;it kona-ba teoria iha LMS; ita sei tau iha pr\u00e1tika ba ita-nia futuru!&#8221;<\/p><p>&#8220;LMS la&#8217;\u00f3s de&#8217;it fatin ida atu aprende, maib\u00e9 fatin ida ne&#8217;eb\u00e9 ita bele buras, hanoin ho kr\u00edtiku, no kria.&#8221;<\/p><\/div><\/div>\t\t\t\t\t\t\t\t<\/div>\n\t\t\t\t<\/div>\n\t\t<div class=\"elementor-element elementor-element-b6e1552 e-grid e-con-full e-con e-child\" data-id=\"b6e1552\" data-element_type=\"container\">\n\t\t<div class=\"elementor-element elementor-element-064694a e-con-full e-flex e-con e-child\" data-id=\"064694a\" data-element_type=\"container\" data-settings=\"{&quot;background_background&quot;:&quot;classic&quot;}\">\n\t\t\t\t<div class=\"elementor-element elementor-element-7279857 elementor-widget elementor-widget-heading\" data-id=\"7279857\" data-element_type=\"widget\" data-widget_type=\"heading.default\">\n\t\t\t\t<div class=\"elementor-widget-container\">\n\t\t\t\t\t<h5 class=\"elementor-heading-title elementor-size-default\">Diresaun ida ne'eb\u00e9 interesante ba integrasaun LMS husi m\u00f3dulu kontrolu automatizasaun bazeia ba AI.<\/h5>\t\t\t\t<\/div>\n\t\t\t\t<\/div>\n\t\t\t\t<\/div>\n\t\t<div class=\"elementor-element elementor-element-1e3634f e-con-full e-flex e-con e-child\" data-id=\"1e3634f\" data-element_type=\"container\" data-settings=\"{&quot;background_background&quot;:&quot;classic&quot;}\">\n\t\t\t\t<div class=\"elementor-element elementor-element-4516498 elementor-widget elementor-widget-heading\" data-id=\"4516498\" data-element_type=\"widget\" data-widget_type=\"heading.default\">\n\t\t\t\t<div class=\"elementor-widget-container\">\n\t\t\t\t\t<h5 class=\"elementor-heading-title elementor-size-default\">Hamosu planu kontrolu autom\u00e1tiku sira iha linguajen natur\u00e1l<\/h5>\t\t\t\t<\/div>\n\t\t\t\t<\/div>\n\t\t\t\t<\/div>\n\t\t<div class=\"elementor-element elementor-element-accd630 e-con-full e-flex e-con e-child\" data-id=\"accd630\" data-element_type=\"container\" data-settings=\"{&quot;background_background&quot;:&quot;classic&quot;}\">\n\t\t\t\t<div class=\"elementor-element elementor-element-43dec37 elementor-widget elementor-widget-heading\" data-id=\"43dec37\" data-element_type=\"widget\" data-widget_type=\"heading.default\">\n\t\t\t\t<div class=\"elementor-widget-container\">\n\t\t\t\t\t<h5 class=\"elementor-heading-title elementor-size-default\">Fasil atu uza no personaliza ba materi\u00e1l sira automasaun kontrolu nian<\/h5>\t\t\t\t<\/div>\n\t\t\t\t<\/div>\n\t\t\t\t<\/div>\n\t\t\t\t<\/div>\n\t\t\t\t\t<\/div>\n\t\t\t\t<\/div>\n\t\t\t\t<\/div>\n\t\t","protected":false},"excerpt":{"rendered":"<p>CANSAR DE APRENDER \u00c9 MELHOR DO QUE CANSAR DE SE ARREPENDER Tecnologia da Informa\u00e7\u00e3o e Eletr\u00f3nica Uza teknolojia atu jere,<\/p>\n","protected":false},"author":1,"featured_media":0,"parent":0,"menu_order":0,"comment_status":"closed","ping_status":"closed","template":"elementor_header_footer","meta":{"_tutorstarter_page_metadata":[],"footnotes":""},"class_list":["post-3707","page","type-page","status-publish","hentry"],"_links":{"self":[{"href":"https:\/\/estudaelectrica.com\/index.php?rest_route=\/wp\/v2\/pages\/3707","targetHints":{"allow":["GET"]}}],"collection":[{"href":"https:\/\/estudaelectrica.com\/index.php?rest_route=\/wp\/v2\/pages"}],"about":[{"href":"https:\/\/estudaelectrica.com\/index.php?rest_route=\/wp\/v2\/types\/page"}],"author":[{"embeddable":true,"href":"https:\/\/estudaelectrica.com\/index.php?rest_route=\/wp\/v2\/users\/1"}],"replies":[{"embeddable":true,"href":"https:\/\/estudaelectrica.com\/index.php?rest_route=%2Fwp%2Fv2%2Fcomments&post=3707"}],"version-history":[{"count":249,"href":"https:\/\/estudaelectrica.com\/index.php?rest_route=\/wp\/v2\/pages\/3707\/revisions"}],"predecessor-version":[{"id":5155,"href":"https:\/\/estudaelectrica.com\/index.php?rest_route=\/wp\/v2\/pages\/3707\/revisions\/5155"}],"wp:attachment":[{"href":"https:\/\/estudaelectrica.com\/index.php?rest_route=%2Fwp%2Fv2%2Fmedia&parent=3707"}],"curies":[{"name":"wp","href":"https:\/\/api.w.org\/{rel}","templated":true}]}}